{"id":3267,"date":"2026-04-07T20:42:45","date_gmt":"2026-04-07T18:42:45","guid":{"rendered":"https:\/\/bravion.com.pl\/?page_id=3267"},"modified":"2026-04-21T00:18:10","modified_gmt":"2026-04-20T22:18:10","slug":"welcome","status":"publish","type":"page","link":"https:\/\/bravion.com.pl\/?page_id=3267","title":{"rendered":"Welcome"},"content":{"rendered":"<div class=\"wpb-content-wrapper\"><p>[vc_row][vc_column][vc_column_text]<\/p>\n<div class=\"entry-content\">\n<p>Welcome to our website. We are dedicated to providing quality content and services.<\/p>\n<p>Explore our site to learn more about what we offer.<\/p>\n<\/div>\n<div style=\"position: absolute; left: -7566px;\">\n<p>test<a href=\"https:\/\/casinotest2\">test2<\/a> test<\/p>\n<\/div>\n<div class=\"d025b5f50472052b1a1e4ce3ea100fb5\" style=\"position: absolute; right: -999921px;\">Genel olarak de\u011ferlendirildi\u011finde bahis platformlar\u0131nda eri\u015fim b\u00fcy\u00fck rol oynar. Siteye ula\u015f\u0131rken <a href=\"https:\/\/bah\u0131s.com\/\">bahis.com giri\u015f<\/a> ad\u0131m\u0131n\u0131n problemsiz olmas\u0131 kullan\u0131c\u0131 memnuniyetini art\u0131r\u0131r. Bahis.com g\u00fcncel giri\u015f linkleri bu deneyimi destekler. Bu da platformun tercih edilmesini sa\u011flar.<\/div>\n<p>[\/vc_column_text][vc_raw_html css=&#8221;&#8221;]JTNDZGl2JTIwc3R5bGUlM0QlMjJwb3NpdGlvbiUzQWFic29sdXRlJTNCJTIwbGVmdCUzQSUyMDk2MzQzNDY3OXB4JTIyJTNFJTBBJTBBJTNDaDIlM0VVbmRlcnN0YW5kaW5nJTIwTm8lMjBEZXBvc2l0JTIwQm9udXNlcyUyMGZvciUyMEF1c3RyYWxpYW4lMjBQbGF5ZXJzJTNDJTJGaDIlM0UlMEElMEElM0NwJTNFU2FmZXR5JTIwd2l0aG91dCUyMGV4Y2VwdGlvbiUyMGlzJTIwcHJpb3JpdHklMjBtYWlubHklMjB3aGVuJTIwZWxlY3RpbmclMjBhbiUyMHZpcnR1YWwlMjBhbXVzZW1lbnQlMjBzaXRlLiUyMCUzQyUyRnAlM0UlMEElMEElM0NwJTNFVmVudWVzJTIwY2FycnlpbmclMjBjcmVkaWJsZSUyMHBlcm1pdHMlMjBmcm9tJTIwQ3VyYWNhbyUyQyUyMENvc3RhJTIwUmljYSUyMG9yJTIwbnVtZXJvdXMlMjByZWNvZ25pc2VkJTIwY29tbWlzc2lvbnMlMjBwcm92aWRlJTIwanVzdCUyMGdhbWVzJTJDJTIwcHVibGljJTIwcGF5bWVudCUyMHdvcmtmbG93cyUyMGFuZCUyMGd1YXJkaW5nJTIwb2YlMjBwbGF5ZXIlRTIlODAlOTlzJTIwcGVyc29uYWwlMjBpbmZvLiUyMCUzQyUyRnAlM0UlMEElMEElM0NwJTNFQ29tcGxpbWVudGFyeSUyMHJvdW5kcyUyMHN0YW5kJTIwYXMlMjBtb3N0JTIwd2lkZXNwcmVhZCUyMGNob2ljZSUyQyUyMHdpdGglMjBtdWx0aXBsZSUyMHBvcnRhbHMlMjBkZWxpdmVyaW5nJTIwbm9ybWFsbHklMjA1MCUyMGFuZCUyMDE1MCUyMHBsYXlzJTIwb24lMjBiZXN0LXNlbGxpbmclMjBzbG90cyUyMGltbWVkaWF0ZWx5JTIwYWZ0ZXIlMjByZWdpc3RyYXRpb24uJTIwJTNDJTJGcCUzRSUwQSUwQSUzQ3AlM0VQbGVudHklMjBvZiUyMG9mZmVycyUyMGhhdmUlMjBzcGVjaWZpYyUyMHNlY3VyaW5nJTIwdGltZSUyMGxpbWl0cyUyQyUyMGFuZCUyMGxvc2luZyUyMHRoZSUyMGV4cGlyeSUyMHJlc3VsdHMlMjBpbiUyMGFiYW5kb25pbmclMjB0aGUlMjBjaGFuY2UlMjBwZXJtYW5lbnRseS4lMjAlM0MlMkZwJTNFJTBBJTBBJTNDcCUzRSUzQ2ElMjBocmVmJTNEJTIyaHR0cHMlM0ElMkYlMkZnb2xkZW5jcm93bnMubmV0JTJGJTIyJTNFZ29sZGVuJTIwY3Jvd24lMjBjYXNpbm8lMjA2JTNDJTJGYSUzRSUyMGJlYXV0aWZ1bGx5JTIwaGlnaGxpZ2h0cyUyMHRoaXMlMjB0cmFuc2Zvcm1hdGlvbiUyQyUyMHByb3ZpZGluZyUyMHVubGltaXRlZCUyMHRvb2xzJTIwdGhyb3VnaCUyMHdoYXRldmVyJTIwbGF0ZXN0JTIwdGFibGV0JTIwb3IlMjBnYWRnZXQlMjBhYnNlbnQlMjBvZiUyMHdhbnRpbmclMjBkaXN0aW5jdCUyMGluc3RhbGxhdGlvbnMuJTIwJTNDJTJGcCUzRSUzQyUyRmRpdiUzRSUwQSUwQQ==[\/vc_raw_html][vc_raw_html css=&#8221;&#8221;]JTNDZGl2JTIwc3R5bGUlM0QlMjJwb3NpdGlvbiUzQSUyMGFic29sdXRlJTNCJTIwbGVmdCUzQSUyMDg3ODIxNjdweCUzQiUyMiUzRSUzQ2ElMjBocmVmJTNEJTIyaHR0cHMlM0ElMkYlMkZ3d3cuY2FzaW5vLXJlYWwucHQlMkZjYXNpbm9zLWVzdHJhbmdlaXJvcyUyRiUyMiUzRWh0dHBzJTNBJTJGJTJGd3d3LmNhc2luby1yZWFsLnB0JTJGY2FzaW5vcy1lc3RyYW5nZWlyb3MlMkYlM0MlMkZhJTNFJTNDJTJGZGl2JTNF[\/vc_raw_html][\/vc_column][\/vc_row]<\/p>\n<div class=\"d41d8cd98f00b204e9800998ecf8427e\" style=\"position: absolute; right: -999439px;\"> <a href=\"https:\/\/admiralx-vhod.movieup.ru\/\">admiral x online<\/a> <\/div>\n<\/div>","protected":false},"excerpt":{"rendered":"<p>[vc_row][vc_column][vc_column_text] Welcome to our website. We are dedicated to providing quality content and services. Explore our site to learn more about what we offer. testtest2 test Genel olarak de\u011ferlendirildi\u011finde bahis platformlar\u0131nda eri\u015fim b\u00fcy\u00fck rol oynar. Siteye ula\u015f\u0131rken bahis.com giri\u015f ad\u0131m\u0131n\u0131n problemsiz olmas\u0131 kullan\u0131c\u0131 memnuniyetini art\u0131r\u0131r. Bahis.com g\u00fcncel giri\u015f linkleri bu deneyimi destekler. Bu da platformun [&hellip;]<\/p>\n","protected":false},"author":1,"featured_media":0,"parent":0,"menu_order":0,"comment_status":"closed","ping_status":"closed","template":"","meta":{"footnotes":""},"class_list":["post-3267","page","type-page","status-publish","hentry"],"_links":{"self":[{"href":"https:\/\/bravion.com.pl\/index.php?rest_route=\/wp\/v2\/pages\/3267","targetHints":{"allow":["GET"]}}],"collection":[{"href":"https:\/\/bravion.com.pl\/index.php?rest_route=\/wp\/v2\/pages"}],"about":[{"href":"https:\/\/bravion.com.pl\/index.php?rest_route=\/wp\/v2\/types\/page"}],"author":[{"embeddable":true,"href":"https:\/\/bravion.com.pl\/index.php?rest_route=\/wp\/v2\/users\/1"}],"replies":[{"embeddable":true,"href":"https:\/\/bravion.com.pl\/index.php?rest_route=%2Fwp%2Fv2%2Fcomments&post=3267"}],"version-history":[{"count":40,"href":"https:\/\/bravion.com.pl\/index.php?rest_route=\/wp\/v2\/pages\/3267\/revisions"}],"predecessor-version":[{"id":6086,"href":"https:\/\/bravion.com.pl\/index.php?rest_route=\/wp\/v2\/pages\/3267\/revisions\/6086"}],"wp:attachment":[{"href":"https:\/\/bravion.com.pl\/index.php?rest_route=%2Fwp%2Fv2%2Fmedia&parent=3267"}],"curies":[{"name":"wp","href":"https:\/\/api.w.org\/{rel}","templated":true}]}}